{"id":24,"date":"2025-11-17T05:58:47","date_gmt":"2025-11-17T05:58:47","guid":{"rendered":"https:\/\/4rr99.cam\/?page_id=24"},"modified":"2025-12-07T08:45:23","modified_gmt":"2025-12-07T08:45:23","slug":"trang-chu","status":"publish","type":"page","link":"https:\/\/4rr99.cam\/","title":{"rendered":"Trang ch\u1ee7"},"content":{"rendered":"<div class=\"slider-wrapper relative\" id=\"slider-1985194301\" >\n    <div class=\"slider slider-nav-circle slider-nav-large slider-nav-light slider-style-normal\"\n        data-flickity-options='{\n            \"cellAlign\": \"center\",\n            \"imagesLoaded\": true,\n            \"lazyLoad\": 1,\n            \"freeScroll\": false,\n            \"wrapAround\": true,\n            \"autoPlay\": 6000,\n            \"pauseAutoPlayOnHover\" : true,\n            \"prevNextButtons\": true,\n            \"contain\" : true,\n            \"adaptiveHeight\" : true,\n            \"dragThreshold\" : 10,\n            \"percentPosition\": true,\n            \"pageDots\": true,\n            \"rightToLeft\": false,\n            \"draggable\": true,\n            \"selectedAttraction\": 0.1,\n            \"parallax\" : 0,\n            \"friction\": 0.6        }'\n        >\n        \n\t<div class=\"img has-hover x md-x lg-x y md-y lg-y\" id=\"image_1548921789\">\n\t\t<a class=\"\" href=\"https:\/\/4rr99.cam\/dn\" >\t\t<div data-parallax-fade=\"true\" data-parallax=\"1\">\t\t\t\t<div class=\"img-inner dark\" >\n\t\t\t<img loading=\"lazy\" decoding=\"async\" width=\"800\" height=\"290\" src=\"https:\/\/4rr99.cam\/wp-content\/uploads\/2025\/12\/rr99-vip.png\" class=\"attachment-large size-large\" alt=\"4rr99\" srcset=\"https:\/\/4rr99.cam\/wp-content\/uploads\/2025\/12\/rr99-vip.png 800w, https:\/\/4rr99.cam\/wp-content\/uploads\/2025\/12\/rr99-vip-300x109.png 300w, https:\/\/4rr99.cam\/wp-content\/uploads\/2025\/12\/rr99-vip-768x278.png 768w\" sizes=\"auto, (max-width: 800px) 100vw, 800px\" \/>\t\t\t\t\t\t\n\t\t\t\t\t<\/div>\n\t\t\t\t<\/div>\t\t<\/a>\t\t\n<style>\n#image_1548921789 {\n  width: 100%;\n}\n<\/style>\n\t<\/div>\n\t\n     <\/div>\n\n     <div class=\"loading-spin dark large centered\"><\/div>\n\n\t<\/div>\n\n\n<div class=\"row\"  id=\"row-687183646\">\n\n\t<div id=\"col-924539631\" class=\"col medium-3 small-6 large-3\"  >\n\t\t\t\t<div class=\"col-inner\"  >\n\t\t\t\n\t\t\t\n<p>&nbsp;<\/p>\n<p>&nbsp;<\/p>\n\t<div id=\"text-222655236\" class=\"text\">\n\t\t\n<h5><span style=\"font-family: verdana, geneva, sans-serif;\"><img loading=\"lazy\" decoding=\"async\" class=\"size-full wp-image-121 aligncenter\" src=\"https:\/\/4rr99.cam\/wp-content\/uploads\/2025\/11\/download2-9tr88.jpg\" alt=\"9tr88\" width=\"225\" height=\"225\" srcset=\"https:\/\/4rr99.cam\/wp-content\/uploads\/2025\/11\/download2-9tr88.jpg 225w, https:\/\/4rr99.cam\/wp-content\/uploads\/2025\/11\/download2-9tr88-150x150.jpg 150w\" sizes=\"auto, (max-width: 225px) 100vw, 225px\" \/><\/span><\/h5>\n<h5 style=\"text-align: center;\"><span style=\"color: #ed1c24; font-family: verdana, geneva, sans-serif;\"><strong>NH\u00c0 C\u00c1I UY T\u00cdN<\/strong><\/span><\/h5>\n<p><span style=\"font-family: verdana, geneva, sans-serif;\"><strong><span style=\"color: #ed1c24;\">4rr99<\/span><\/strong> \u0111\u01b0\u1ee3c c\u1ea5p ph\u00e9p h\u1ee3p ph\u00e1p b\u1edfi Isle of Man v\u00e0 Cagayan cam k\u1ebft minh b\u1ea1ch, uy t\u00edn.<\/span><\/p>\n\t\t\n<style>\n#text-222655236 {\n  color: rgb(0,0,0);\n}\n#text-222655236 > * {\n  color: rgb(0,0,0);\n}\n<\/style>\n\t<\/div>\n\t\n<p>&nbsp;<\/p>\n<p>&nbsp;<\/p>\n\t\t<\/div>\n\t\t\t\t\t<\/div>\n\n\t\n\n\t<div id=\"col-315884064\" class=\"col medium-3 small-6 large-3\"  >\n\t\t\t\t<div class=\"col-inner\"  >\n\t\t\t\n\t\t\t\n<p>&nbsp;<\/p>\n<p>&nbsp;<\/p>\n\t<div id=\"text-3596329265\" class=\"text\">\n\t\t\n<p>&nbsp;<\/p>\n<h3 style=\"text-align: center;\"><span style=\"font-family: verdana, geneva, sans-serif;\"><strong><span style=\"color: #ed1c24; font-size: 14.4px;\"><img loading=\"lazy\" decoding=\"async\" class=\"alignnone size-medium wp-image-114\" src=\"https:\/\/4rr99.cam\/wp-content\/uploads\/2025\/11\/9tr88-a4.jpg\" alt=\"\" width=\"192\" height=\"192\" srcset=\"https:\/\/4rr99.cam\/wp-content\/uploads\/2025\/11\/9tr88-a4.jpg 192w, https:\/\/4rr99.cam\/wp-content\/uploads\/2025\/11\/9tr88-a4-150x150.jpg 150w\" sizes=\"auto, (max-width: 192px) 100vw, 192px\" \/><\/span><\/strong><\/span><\/h3>\n<h3 style=\"text-align: center;\"><span style=\"font-family: verdana, geneva, sans-serif;\"><strong><span style=\"color: #ed1c24; font-size: 14.4px;\">\u0110A D\u1ea0NG S\u1ea2NH C\u01af\u1ee2C<\/span><\/strong><\/span><\/h3>\n<p><span style=\"font-family: verdana, geneva, sans-serif;\">N\u1ec1n t\u1ea3ng cung c\u1ea5p \u0111a d\u1ea1ng s\u1ea3nh c\u01b0\u1ee3c, nhi\u1ec1u tr\u00f2 ch\u01a1i h\u1ea5p d\u1eabn, ph\u00f9 h\u1ee3p m\u1ecdi s\u1edf th\u00edch.<\/span><\/p>\n<p><span style=\"font-family: arial, helvetica, sans-serif;\"><br \/>\n\t\t\n<style>\n#text-3596329265 {\n  color: rgb(0,0,0);\n}\n#text-3596329265 > * {\n  color: rgb(0,0,0);\n}\n<\/style>\n\t<\/div>\n\t<\/span><\/p>\n<p>&nbsp;<\/p>\n<p>&nbsp;<\/p>\n\t\t<\/div>\n\t\t\t\t\t<\/div>\n\n\t\n\n\t<div id=\"col-1865336297\" class=\"col medium-3 small-6 large-3\"  >\n\t\t\t\t<div class=\"col-inner\"  >\n\t\t\t\n\t\t\t\n<p>&nbsp;<\/p>\n<p>&nbsp;<\/p>\n\t<div id=\"text-3714211442\" class=\"text\">\n\t\t\n<p>&nbsp;<\/p>\n<p><span style=\"font-family: verdana, geneva, sans-serif;\"><img loading=\"lazy\" decoding=\"async\" class=\"size-full wp-image-117 aligncenter\" src=\"https:\/\/4rr99.cam\/wp-content\/uploads\/2025\/11\/download-9tr88.jpg\" alt=\"9tr88\" width=\"225\" height=\"225\" srcset=\"https:\/\/4rr99.cam\/wp-content\/uploads\/2025\/11\/download-9tr88.jpg 225w, https:\/\/4rr99.cam\/wp-content\/uploads\/2025\/11\/download-9tr88-150x150.jpg 150w\" sizes=\"auto, (max-width: 225px) 100vw, 225px\" \/><\/span><\/p>\n<h5 class=\"uppercase\"><span style=\"font-family: verdana, geneva, sans-serif;\"><strong><span style=\"color: #ed1c24;\">giao d\u1ecbch si\u00eau t\u1ed1c<\/span><\/strong><\/span><\/h5>\n<p><span style=\"font-family: verdana, geneva, sans-serif;\">H\u1ec7 th\u1ed1ng giao d\u1ecbch t\u1ef1 \u0111\u1ed9ng si\u00eau t\u1ed1c, n\u1ea1p r\u00fat nhanh ch\u00f3ng, b\u1ea3o m\u1eadt tuy\u1ec7t \u0111\u1ed1i.<\/span><\/p>\n<p><span style=\"font-family: arial, helvetica, sans-serif;\"><br \/>\n\t\t\n<style>\n#text-3714211442 {\n  color: rgb(0,0,0);\n}\n#text-3714211442 > * {\n  color: rgb(0,0,0);\n}\n<\/style>\n\t<\/div>\n\t<\/span><\/p>\n<p>&nbsp;<\/p>\n<p>&nbsp;<\/p>\n\t\t<\/div>\n\t\t\t\t\t<\/div>\n\n\t\n\n\t<div id=\"col-41903965\" class=\"col medium-3 small-6 large-3\"  >\n\t\t\t\t<div class=\"col-inner\"  >\n\t\t\t\n\t\t\t\n<p>&nbsp;<\/p>\n<p>&nbsp;<\/p>\n\t<div id=\"text-1031245519\" class=\"text\">\n\t\t\n<p><span style=\"font-family: verdana, geneva, sans-serif;\"><img loading=\"lazy\" decoding=\"async\" class=\"size-full wp-image-113\" src=\"https:\/\/4rr99.cam\/wp-content\/uploads\/2025\/11\/9tr88-a3.jpg\" alt=\"9tr88\" width=\"225\" height=\"225\" srcset=\"https:\/\/4rr99.cam\/wp-content\/uploads\/2025\/11\/9tr88-a3.jpg 225w, https:\/\/4rr99.cam\/wp-content\/uploads\/2025\/11\/9tr88-a3-150x150.jpg 150w\" sizes=\"auto, (max-width: 225px) 100vw, 225px\" \/><\/span><\/p>\n<h5 class=\"uppercase\"><span style=\"font-family: verdana, geneva, sans-serif;\"><strong><span style=\"color: #ed1c24;\">an to\u00e0n b\u1ea3o m\u1eadt<\/span><\/strong><\/span><\/h5>\n<p><span style=\"font-family: verdana, geneva, sans-serif;\"><span style=\"color: #ed1c24;\"><strong>4rr99<\/strong> <\/span>cam k\u1ebft an to\u00e0n tuy\u1ec7t \u0111\u1ed1i, b\u1ea3o m\u1eadt th\u00f4ng tin v\u00e0 giao d\u1ecbch cho m\u1ecdi ng\u01b0\u1eddi ch\u01a1i.<\/span><\/p>\n\t\t\n<style>\n#text-1031245519 {\n  color: rgb(0,0,0);\n}\n#text-1031245519 > * {\n  color: rgb(0,0,0);\n}\n<\/style>\n\t<\/div>\n\t\n<p>&nbsp;<\/p>\n<p>&nbsp;<\/p>\n\t\t<\/div>\n\t\t\t\t\t<\/div>\n\n\t\n<\/div>\n\t<div id=\"text-1545924235\" class=\"text\">\n\t\t\n<h1 style=\"text-align: center;\"><span style=\"font-family: verdana, geneva, sans-serif;\"><strong><span style=\"color: #ed1c24;\"><a style=\"color: #ed1c24;\" href=\"https:\/\/4rr99.cam\/dn\" target=\"_blank\" rel=\"noopener\">4rr99<\/a> | Nh\u00e0 C\u00e1i \u0110\u1ed5i Th\u01b0\u1edfng L\u1edbn Nh\u1ea5t Hi\u1ec7n nay<\/span><\/strong><\/span><\/h1>\n<p style=\"text-align: center;\"><span style=\"font-family: verdana, geneva, sans-serif;\">Nh\u00e0 c\u00e1i <span style=\"color: #ed1c24;\"><strong>4rr99<\/strong><\/span> n\u1ed5i ti\u1ebfng c\u00f9ng v\u1edbi nh\u1eefng \u01b0u \u0111\u00e3i kh\u1ee7ng h\u00e0ng ngh\u00ecn t\u1ef7 v\u00e0 t\u1ec9 l\u1ec7 ho\u00e0n tr\u1ea3 h\u1ea5p d\u1eabn, thu h\u00fat \u0111\u00f4ng \u0111\u1ea3o ng\u01b0\u1eddi ch\u01a1i tham gia tr\u00ean th\u1ecb tr\u01b0\u1eddng ch\u00e2u \u00e1.<\/span><\/p>\n<h2><span style=\"color: #ed1c24; font-family: verdana, geneva, sans-serif;\"><strong>T\u1ed5ng quan v\u1ec1 nh\u00e0 c\u00e1i 4rr99<\/strong><\/span><\/h2>\n<p><span style=\"font-family: verdana, geneva, sans-serif;\"><span style=\"color: #ed1c24;\"><strong>4rr99<\/strong><\/span> l\u00e0 1 trong nh\u1eefng nh\u00e0 c\u00e1i \u0111\u1ee9ng top hi\u1ec7n nay tr\u00ean th\u1ecb tr\u01b0\u1eddng ch\u00e2u \u00e1 n\u00f3i chung, v\u00e0 Vi\u1ec7t Nam n\u00f3i ri\u00eang. Nh\u1edd s\u1edf h\u1eefu t\u00ednh minh b\u1ea1ch trong game, c\u00f9ng \u0111\u1ed9 b\u1ea3o m\u1eadt tuy\u1ec7t \u0111\u1ed1i, n\u00ean ng\u01b0\u1eddi ch\u01a1i ho\u00e0n to\u00e0n y\u00ean t\u00e2m khi tham gia c\u00e1 c\u01b0\u1ee3c. Ngo\u00e0i ra <strong><span style=\"color: #ed1c24;\"><a style=\"color: #ed1c24;\" href=\"https:\/\/4rr99.cam\/dk\">4rr99 com<\/a><\/span>\u00a0<\/strong>c\u00f2n li\u00ean t\u1ee5c tung ra nhi\u1ec1u \u01b0u \u0111\u00e3i h\u1ea5p d\u1eabn gi\u00e1 tr\u1ecb th\u01b0\u1edfng cao khi\u1ebfn ng\u01b0\u1eddi ch\u01a1i kh\u1eafp n\u01a1i ph\u1ea3i t\u00ecm \u0111\u1ebfn th\u1eed \u0111\u1ed9 may m\u1eafn !<\/span><\/p>\n<p><span style=\"font-family: verdana, geneva, sans-serif;\"><img loading=\"lazy\" decoding=\"async\" class=\"aligncenter wp-image-168 size-full\" src=\"https:\/\/4rr99.cam\/wp-content\/uploads\/2025\/12\/ngayhvien-rr99.png\" alt=\"4rr99\" width=\"800\" height=\"290\" srcset=\"https:\/\/4rr99.cam\/wp-content\/uploads\/2025\/12\/ngayhvien-rr99.png 800w, https:\/\/4rr99.cam\/wp-content\/uploads\/2025\/12\/ngayhvien-rr99-300x109.png 300w, https:\/\/4rr99.cam\/wp-content\/uploads\/2025\/12\/ngayhvien-rr99-768x278.png 768w\" sizes=\"auto, (max-width: 800px) 100vw, 800px\" \/><\/span><\/p>\n<h3><span style=\"color: #ed1c24; font-family: verdana, geneva, sans-serif;\"><b>Kho game \u0110\u1eb7c s\u1eafc<\/b><\/span><\/h3>\n<p><span style=\"font-family: verdana, geneva, sans-serif;\">V\u1edbi s\u1ef1 m\u1ec7nh mang \u0111\u1ebfn m\u1ed9t thi\u00ean \u0111\u01b0\u1eddng c\u00e1c s\u1ea3n ph\u1ea9m c\u00e1 c\u01b0\u1ee3c tr\u1ef1c tuy\u1ebfn \u0111\u1eb3ng c\u1ea5p \u0111\u1ebfn ng\u01b0\u1eddi ch\u01a1i. C\u00e1c s\u1ea3n ph\u1ea9m t\u1ea1i <span style=\"color: #ed1c24;\"><a style=\"color: #ed1c24;\" href=\"https:\/\/4rr99.cam\/dn\" target=\"_blank\" rel=\"noopener\"><strong>4rr99 com<\/strong><\/a>\u00a0<\/span>v\u00f4 c\u00f9ng \u0111a d\u1ea1ng v\u00e0 phong ph\u00fa. \u0110\u1ea3m b\u1ea3o b\u1ea1n s\u1ebd kh\u00f4ng bao gi\u1edd c\u1ea3m th\u1ea5y nh\u00e0m ch\u00e1n khi ch\u01a1i.<\/span> <span style=\"font-family: verdana, geneva, sans-serif;\">C\u00f3 th\u1ec3 \u0111i\u1ec3m qua m\u1ed9t s\u1ed1 s\u1ea3n ph\u1ea9m c\u00e1 c\u01b0\u1ee3c \u0111\u01b0\u1ee3c y\u00eau th\u00edch nh\u1ea5t\u00a0nh\u01b0:<\/span><\/p>\n<ul>\n<li><span style=\"font-family: verdana, geneva, sans-serif;\">C\u00e1 c\u01b0\u1ee3c th\u1ec3 thao: b\u00f3ng \u0111\u00e1, b\u00f3ng chuy\u1ec1n, b\u00f3ng b\u1ea7u d\u1ee5c m\u1ef9, b\u00f3ng r\u1ed5<\/span><\/li>\n<li><span style=\"font-family: verdana, geneva, sans-serif;\">C\u00e1 c\u01b0\u1ee3c th\u1ec3 thao \u1ea3o: LOL, FIFA, CSGO, PUBG<\/span><\/li>\n<li><span style=\"font-family: verdana, geneva, sans-serif;\">Game Center: Number game, X\u1ed5 s\u1ed1, B\u1eafn c\u00e1, Quay s\u1ed1 kim t\u00e0i, Quay s\u1ed1 Sexy, Keno, Slot game, Long l\u00e2n quy ph\u1ee5ng<\/span><\/li>\n<li><span style=\"font-family: verdana, geneva, sans-serif;\">Keno v\u00e0 l\u00f4 \u0111\u1ec1 tr\u1ef1c tuy\u1ebfn<\/span><\/li>\n<li><span style=\"font-family: verdana, geneva, sans-serif;\">S\u00f2ng b\u00e0i tr\u1ef1c tuy\u1ebfn: R\u1ed3ng h\u1ed5, Poker, BlackJack, Sicbo, Roulette<\/span><\/li>\n<\/ul>\n<h3><span style=\"color: #ed1c24; font-family: verdana, geneva, sans-serif;\"><strong>Giao di\u1ec7n &#8211; C\u1ea5u h\u00ecnh<\/strong><\/span><\/h3>\n<p><strong><span style=\"font-family: verdana, geneva, sans-serif;\"><span style=\"color: #ed1c24;\">4rr99 com<\/span>\u00a0<\/span><\/strong><span style=\"font-family: verdana, geneva, sans-serif;\">s\u1edf h\u1eefu giao di\u1ec7n s\u1eafc n\u00e9t, h\u1ed7 tr\u1ee3 ti\u1ebfng vi\u1ec7t 100% gi\u00fap ng\u01b0\u1eddi ch\u01a1i d\u1ec5 d\u00e0ng s\u1eed d\u1ee5ng. B\u1ed1 c\u1ee5c c\u1ee7a game \u0111\u01b0\u1ee3c s\u1eafp x\u1ebfp g\u1ecdn g\u00e0ng v\u00e0 d\u1ec5 nh\u1eadn bi\u1ebft c\u00e1c t\u1ef1a \u0111\u1ec1, ngay c\u1ea3 t\u00e2n binh c\u0169ng d\u1ec5 d\u00e0ng thao t\u00e1c s\u1eed d\u1ee5ng. \u00c2m thanh trong game s\u1ed1ng \u0111\u1ed9ng, mang l\u1ea1i cho b\u1ea1n c\u1ea3m gi\u00e1c ch\u00e2n th\u1ef1c nh\u01b0 \u0111ang \u1edf th\u1ebf gi\u1edbi th\u1eadt. C\u1ea5u h\u00ecnh m\u01b0\u1ee3t m\u00e0 v\u00e0 t\u01b0\u01a1ng th\u00edch m\u1ecdi h\u1ec7 \u0111i\u1ec1u h\u00e0nh hi\u1ec7n nay nh\u01b0 IOS, ANDOIRD, PC&#8230;<\/span><\/p>\n<h3><span style=\"color: #ed1c24; font-family: verdana, geneva, sans-serif;\"><strong>B\u1ea3o m\u1eadt t\u1ed1i t\u00e2n<\/strong><\/span><\/h3>\n<p><span style=\"font-family: verdana, geneva, sans-serif;\"><span style=\"color: #ed1c24;\"><strong>4rr99<\/strong><\/span> c\u00f3 l\u1edbp b\u1ea3o m\u1eadt t\u1ed1i t\u00e2n, s\u1eed d\u1ee5ng nh\u1eefng ph\u01b0\u01a1ng th\u1ee9c hi\u1ec7n \u0111\u1ea1i nh\u1ea5t nh\u01b0: ( t\u01b0\u1eddng l\u1eeda, m\u00e3 h\u00f3a SLL, m\u00e3 x\u00e1c nh\u1eadn&#8230;) gi\u00fap ng\u01b0\u1eddi ch\u01a1i t\u1ef1 tin tham gia c\u00e1 c\u01b0\u1ee3c v\u00e0 b\u1ea3o v\u1ec7 t\u00e0i s\u1ea3n cho ng\u01b0\u1eddi ch\u01a1i 1 c\u00e1ch t\u1ed1i \u0111a.<\/span><\/p>\n<h3><span style=\"color: #ed1c24; font-family: verdana, geneva, sans-serif;\"><strong>Khuy\u1ebfn m\u00e3i \u0111a d\u1ea1ng<\/strong><\/span><\/h3>\n<p><span style=\"font-family: verdana, geneva, sans-serif;\"><a href=\"https:\/\/4rr99.cam\/dn\" target=\"_blank\" rel=\"noopener\"><span style=\"color: #ed1c24;\"><strong>4rr99 com<\/strong><\/span><\/a> li\u00ean t\u1ee5c tung ra nhi\u1ec1u \u01b0u \u0111\u00e3i h\u1ea5p d\u1eabn kh\u00e1c nhau d\u00e0nh cho c\u1ea3 h\u1ed9i vi\u00ean l\u1eabn t\u00e2n binh, gi\u00e1 tr\u1ecb c\u00e1c \u01b0u \u0111\u00e3i l\u1edbn nh\u1ecf \u0111\u1ec1u c\u00f3 th\u1ec3 gi\u00fap ng\u01b0\u1eddi ch\u01a1i gia t\u0103ng th\u00eam t\u00e0i s\u1ea3n, c\u00f3 nh\u1eefng \u01b0u \u0111\u00e3i gi\u00e1 tr\u1ecb l\u00ean \u0111\u1ebfn <strong>9999 t\u1ef7 \u0111\u1ed3ng.\u00a0<\/strong>Kh\u00f4ng nh\u1eefng th\u1ebf nh\u1eefng s\u1ef1 ki\u1ec7n \u0111ua top, v\u00f2ng quay may m\u1eafn, th\u01b0\u1edfng n\u1ea1p, th\u01b0\u1edfng m\u1ed7i tu\u1ea7n, tr\u1ecb \u00e2n h\u1ed9i vi\u00ean, hay ho\u00e0n c\u01b0\u1ee3c thua, t\u1ea5t c\u1ea3 \u0111\u1ec1u mang l\u1ea1i nh\u1eefng l\u1ee3i \u00edch nh\u1ea5t \u0111\u1ecbnh cho ng\u01b0\u1eddi ch\u01a1i. Ch\u00ednh v\u00ec th\u1ebf <span style=\"color: #ed1c24;\"><strong>4rr99<\/strong><\/span> \u0111\u01b0\u1ee3c nhi\u1ec1u ng\u01b0\u1eddi ch\u01a1i \u0111\u1ebfn tham gia v\u00e0 l\u1ef1a ch\u1ecdn \u0111\u1ed3ng h\u00e0nh.<\/span><\/p>\n<p><img loading=\"lazy\" decoding=\"async\" class=\"aligncenter wp-image-169 size-full\" src=\"https:\/\/4rr99.cam\/wp-content\/uploads\/2025\/12\/rr99-hoantra-1.png\" alt=\"4rr99\" width=\"800\" height=\"290\" srcset=\"https:\/\/4rr99.cam\/wp-content\/uploads\/2025\/12\/rr99-hoantra-1.png 800w, https:\/\/4rr99.cam\/wp-content\/uploads\/2025\/12\/rr99-hoantra-1-300x109.png 300w, https:\/\/4rr99.cam\/wp-content\/uploads\/2025\/12\/rr99-hoantra-1-768x278.png 768w\" sizes=\"auto, (max-width: 800px) 100vw, 800px\" \/><\/p>\n<h3 id=\"ftoc-heading-6\" class=\"ftwp-heading\"><span style=\"color: #ed1c24; font-family: verdana, geneva, sans-serif;\"><b>H\u1ec7 th\u1ed1ng n\u1ea1p, r\u00fat ti\u1ec1n nhanh g\u1ecdn<\/b><\/span><\/h3>\n<p data-start=\"2334\" data-end=\"2604\"><span style=\"font-family: verdana, geneva, sans-serif;\"><span style=\"color: #ed1c24;\"><a style=\"color: #ed1c24;\" href=\"https:\/\/4rr99.cam\/dk\"><strong data-start=\"2749\" data-end=\"2757\">4rr99 com<\/strong><\/a><\/span>\u00a0h\u1ed7 tr\u1ee3 nhi\u1ec1u ph\u01b0\u01a1ng th\u1ee9c thanh to\u00e1n nh\u01b0 chuy\u1ec3n kho\u1ea3n ng\u00e2n h\u00e0ng, v\u00ed \u0111i\u1ec7n t\u1eed Momo, ZaloPay, ViettelPay. T\u1ea5t c\u1ea3 giao d\u1ecbch n\u1ea1p \u2013 r\u00fat\u00a0\u0111\u1ec1u \u0111\u01b0\u1ee3c x\u1eed l\u00fd nhanh ch\u00f3ng, ch\u1ec9 1\u20133 ph\u00fat cho n\u1ea1p ti\u1ec1n v\u00e0 5\u201310 ph\u00fat <span style=\"color: #333333;\">cho r\u00fat ti\u1ec1n, \u0111\u1ea3m b\u1ea3o ti\u1ec7n l\u1ee3i v\u00e0 an to\u00e0n tuy\u1ec7t \u0111\u1ed1i.<\/span><\/span><\/p>\n<h2 data-start=\"2334\" data-end=\"2604\"><span style=\"color: #ed1c24; font-family: verdana, geneva, sans-serif;\"><strong>K\u1ebft Lu\u1eadn<\/strong><\/span><\/h2>\n<p><span style=\"font-family: verdana, geneva, sans-serif;\">V\u1edbi ch\u00ednh s\u00e1ch minh b\u1ea1ch, h\u1ed7 tr\u1ee3 24\/7 v\u00e0 h\u1ec7 sinh th\u00e1i gi\u1ea3i tr\u00ed phong ph\u00fa, <strong><span style=\"color: #ed1c24;\">4rr99 com<\/span>\u00a0 <\/strong>l\u00e0 1 l\u1ef1a ch\u1ecdn l\u00fd t\u01b0\u1edfng cho ng\u01b0\u1eddi ch\u01a1i \u0111ang t\u00ecm ki\u1ebfm s\u00e2n ch\u01a1i c\u00e1 c\u01b0\u1ee3c \u0111\u1ed5i th\u01b0\u1edfng, l\u00e0m gi\u00e0u nhanh ch\u00f3ng v\u00e0 an to\u00e0n !<\/span><\/p>\n\t\t\n<style>\n#text-1545924235 {\n  font-size: 1.15rem;\n  color: rgb(0,0,0);\n}\n#text-1545924235 > * {\n  color: rgb(0,0,0);\n}\n<\/style>\n\t<\/div>\n\t\n<div class=\"row\"  id=\"row-734525748\">\n\n\t<div id=\"col-1613870923\" class=\"col medium-4 small-12 large-4\"  >\n\t\t\t\t<div class=\"col-inner\"  >\n\t\t\t\n\t\t\t\n<p>&nbsp;<\/p>\n<p>&nbsp;<\/p>\n\t<div class=\"img has-hover x md-x lg-x y md-y lg-y\" id=\"image_456594740\">\n\t\t<a class=\"\" href=\"https:\/\/4rr99.cam\/dn\" target=\"_blank\" rel=\"noopener\" >\t\t\t\t\t\t<div class=\"img-inner dark\" >\n\t\t\t<img loading=\"lazy\" decoding=\"async\" width=\"800\" height=\"290\" src=\"https:\/\/4rr99.cam\/wp-content\/uploads\/2025\/12\/rr99-a3.png\" class=\"attachment-large size-large\" alt=\"\" srcset=\"https:\/\/4rr99.cam\/wp-content\/uploads\/2025\/12\/rr99-a3.png 800w, https:\/\/4rr99.cam\/wp-content\/uploads\/2025\/12\/rr99-a3-300x109.png 300w, https:\/\/4rr99.cam\/wp-content\/uploads\/2025\/12\/rr99-a3-768x278.png 768w\" sizes=\"auto, (max-width: 800px) 100vw, 800px\" \/>\t\t\t\t\t\t\n\t\t\t\t\t<\/div>\n\t\t\t\t\t\t<\/a>\t\t\n<style>\n#image_456594740 {\n  width: 100%;\n}\n<\/style>\n\t<\/div>\n\t\n<p>&nbsp;<\/p>\n<p>&nbsp;<\/p>\n\t<div id=\"text-2623628710\" class=\"text\">\n\t\t\n<p style=\"text-align: center;\"><span style=\"color: #ed1c24; font-family: verdana, geneva, sans-serif;\"><strong>Khuy\u1ebfn m\u00e3i th\u1ec3 thao &#8211; \u0110\u00e1 g\u00e0<\/strong><\/span><\/p>\n<p><span style=\"font-family: verdana, geneva, sans-serif;\">Khuy\u1ebfn m\u00e3i th\u1ec3 thao v\u00e0 \u0111\u00e1 g\u00e0, nh\u1eadn m\u1ed7i ng\u00e0y 29,999k nh\u1eadn theo t\u1ed5ng c\u01b0\u1ee3c.<\/span><\/p>\n\t\t\n<style>\n#text-2623628710 {\n  color: rgb(0,0,0);\n}\n#text-2623628710 > * {\n  color: rgb(0,0,0);\n}\n<\/style>\n\t<\/div>\n\t\n<p>&nbsp;<\/p>\n<p>&nbsp;<\/p>\n\t\t<\/div>\n\t\t\t\t\t<\/div>\n\n\t\n\n\t<div id=\"col-411897647\" class=\"col medium-4 small-12 large-4\"  >\n\t\t\t\t<div class=\"col-inner\"  >\n\t\t\t\n\t\t\t\n<p>&nbsp;<\/p>\n<p>&nbsp;<\/p>\n\t<div class=\"img has-hover x md-x lg-x y md-y lg-y\" id=\"image_1170366091\">\n\t\t<a class=\"\" href=\"https:\/\/4rr99.cam\/dn\" target=\"_blank\" rel=\"noopener\" >\t\t\t\t\t\t<div class=\"img-inner dark\" >\n\t\t\t<img loading=\"lazy\" decoding=\"async\" width=\"800\" height=\"290\" src=\"https:\/\/4rr99.cam\/wp-content\/uploads\/2025\/12\/rr99-a4.png\" class=\"attachment-large size-large\" alt=\"4rr99\" srcset=\"https:\/\/4rr99.cam\/wp-content\/uploads\/2025\/12\/rr99-a4.png 800w, https:\/\/4rr99.cam\/wp-content\/uploads\/2025\/12\/rr99-a4-300x109.png 300w, https:\/\/4rr99.cam\/wp-content\/uploads\/2025\/12\/rr99-a4-768x278.png 768w\" sizes=\"auto, (max-width: 800px) 100vw, 800px\" \/>\t\t\t\t\t\t\n\t\t\t\t\t<\/div>\n\t\t\t\t\t\t<\/a>\t\t\n<style>\n#image_1170366091 {\n  width: 100%;\n}\n<\/style>\n\t<\/div>\n\t\n<p>&nbsp;<\/p>\n<p>&nbsp;<\/p>\n\t<div id=\"text-2947276586\" class=\"text\">\n\t\t\n<p style=\"text-align: center;\"><span style=\"color: #ed1c24; font-family: verdana, geneva, sans-serif;\"><strong>khuy\u1ebfn m\u00e3i \u0111\u00f4c quy\u1ec1n<\/strong><\/span><\/p>\n<p><span style=\"font-family: verdana, geneva, sans-serif;\">Th\u1ee9 7 h\u00e0ng tu\u1ea7n n\u1ea1p USDT t\u1eb7ng th\u00eam 8%. Th\u00eam tinh th\u1ea7n, th\u00eam ni\u1ec1m vui !<\/span><\/p>\n\t\t\n<style>\n#text-2947276586 {\n  color: rgb(0,0,0);\n}\n#text-2947276586 > * {\n  color: rgb(0,0,0);\n}\n<\/style>\n\t<\/div>\n\t\n<p>&nbsp;<\/p>\n<p>&nbsp;<\/p>\n\t\t<\/div>\n\t\t\t\t\t<\/div>\n\n\t\n\n\t<div id=\"col-204568816\" class=\"col medium-4 small-12 large-4\"  >\n\t\t\t\t<div class=\"col-inner\"  >\n\t\t\t\n\t\t\t\n<p>&nbsp;<\/p>\n<p>&nbsp;<\/p>\n\t<div class=\"img has-hover x md-x lg-x y md-y lg-y\" id=\"image_343434557\">\n\t\t<a class=\"\" href=\"https:\/\/4rr99.cam\/dn\" target=\"_blank\" rel=\"noopener\" >\t\t\t\t\t\t<div class=\"img-inner dark\" >\n\t\t\t<img loading=\"lazy\" decoding=\"async\" width=\"800\" height=\"290\" src=\"https:\/\/4rr99.cam\/wp-content\/uploads\/2025\/12\/rr99-gth.png\" class=\"attachment-large size-large\" alt=\"\" srcset=\"https:\/\/4rr99.cam\/wp-content\/uploads\/2025\/12\/rr99-gth.png 800w, https:\/\/4rr99.cam\/wp-content\/uploads\/2025\/12\/rr99-gth-300x109.png 300w, https:\/\/4rr99.cam\/wp-content\/uploads\/2025\/12\/rr99-gth-768x278.png 768w\" sizes=\"auto, (max-width: 800px) 100vw, 800px\" \/>\t\t\t\t\t\t\n\t\t\t\t\t<\/div>\n\t\t\t\t\t\t<\/a>\t\t\n<style>\n#image_343434557 {\n  width: 100%;\n}\n<\/style>\n\t<\/div>\n\t\n<p>&nbsp;<\/p>\n<p>&nbsp;<\/p>\n\t<div id=\"text-935338444\" class=\"text\">\n\t\t\n<p style=\"text-align: center;\"><span style=\"color: #ed1c24; font-family: verdana, geneva, sans-serif;\"><strong>Khuy\u1ebfn m\u00e3i gi\u1edbi thi\u1ec7u<\/strong><\/span><\/p>\n<p><span style=\"font-family: verdana, geneva, sans-serif;\">Khuy\u1ebfn m\u00e3i gi\u1edbi thi\u1ec7u b\u1ea1n b\u00e8, tr\u1edf l\u00ean gi\u00e0u sang. Hoa h\u1ed3ng 1% v\u0129nh vi\u1ec5n.<\/span><\/p>\n\t\t\n<style>\n#text-935338444 {\n  color: rgb(0,0,0);\n}\n#text-935338444 > * {\n  color: rgb(0,0,0);\n}\n<\/style>\n\t<\/div>\n\t\n<p>&nbsp;<\/p>\n<p>&nbsp;<\/p>\n\t\t<\/div>\n\t\t\t\t\t<\/div>\n\n\t\n<\/div>\n","protected":false},"excerpt":{"rendered":"","protected":false},"author":1,"featured_media":135,"parent":0,"menu_order":0,"comment_status":"closed","ping_status":"closed","template":"","meta":{"footnotes":""},"class_list":["post-24","page","type-page","status-publish","has-post-thumbnail","hentry"],"_links":{"self":[{"href":"https:\/\/4rr99.cam\/index.php?rest_route=\/wp\/v2\/pages\/24","targetHints":{"allow":["GET"]}}],"collection":[{"href":"https:\/\/4rr99.cam\/index.php?rest_route=\/wp\/v2\/pages"}],"about":[{"href":"https:\/\/4rr99.cam\/index.php?rest_route=\/wp\/v2\/types\/page"}],"author":[{"embeddable":true,"href":"https:\/\/4rr99.cam\/index.php?rest_route=\/wp\/v2\/users\/1"}],"replies":[{"embeddable":true,"href":"https:\/\/4rr99.cam\/index.php?rest_route=%2Fwp%2Fv2%2Fcomments&post=24"}],"version-history":[{"count":73,"href":"https:\/\/4rr99.cam\/index.php?rest_route=\/wp\/v2\/pages\/24\/revisions"}],"predecessor-version":[{"id":172,"href":"https:\/\/4rr99.cam\/index.php?rest_route=\/wp\/v2\/pages\/24\/revisions\/172"}],"wp:featuredmedia":[{"embeddable":true,"href":"https:\/\/4rr99.cam\/index.php?rest_route=\/wp\/v2\/media\/135"}],"wp:attachment":[{"href":"https:\/\/4rr99.cam\/index.php?rest_route=%2Fwp%2Fv2%2Fmedia&parent=24"}],"curies":[{"name":"wp","href":"https:\/\/api.w.org\/{rel}","templated":true}]}}